{"id":16,"date":"2018-04-03T09:46:32","date_gmt":"2018-04-03T09:46:32","guid":{"rendered":"http:\/\/subscreasy.com\/?page_id=16"},"modified":"2018-04-03T09:46:32","modified_gmt":"2018-04-03T09:46:32","slug":"cancellation-and-return-policy","status":"publish","type":"page","link":"https:\/\/www.subscreasy.com\/blog\/cancellation-and-return-policy\/","title":{"rendered":"Cancellation and Return Policy"},"content":{"rendered":"","protected":false},"excerpt":{"rendered":"","protected":false},"author":1,"featured_media":0,"parent":0,"menu_order":0,"comment_status":"closed","ping_status":"closed","template":"","meta":{"_et_pb_use_builder":"","_et_pb_old_content":"","_et_gb_content_width":"","footnotes":""},"class_list":["post-16","page","type-page","status-publish","hentry"],"yoast_head":"<!-- This site is optimized with the Yoast SEO plugin v27.5 - https:\/\/yoast.com\/product\/yoast-seo-wordpress\/ -->\n<title>Cancellation and Return Policy | Subscreasy<\/title>\n<meta name=\"description\" content=\"subscreasy - Bulut Tabanl\u0131 Abonelik \u00dccretlendirme ve Tekrarl\u0131 Tahsilat Altyap\u0131s\u0131 tam te\u015fekk\u00fcll\u00fc bir abonelik sistemi sunar. Sanal pos entegrasyonu sayesinde, ister iyzico&#039;dan ister payu&#039;dan tekrarl\u0131 tahsilat ger\u00e7ekle\u015ftirebilirsiniz.\" \/>\n<meta name=\"robots\" content=\"index, follow, max-snippet:-1, max-image-preview:large, max-video-preview:-1\" \/>\n<link rel=\"canonical\" href=\"https:\/\/www.subscreasy.com\/blog\/cancellation-and-return-policy\/\" \/>\n<meta property=\"og:locale\" content=\"en_US\" \/>\n<meta property=\"og:type\" content=\"article\" \/>\n<meta property=\"og:title\" content=\"Cancellation and Return Policy | Subscreasy\" \/>\n<meta property=\"og:description\" content=\"subscreasy - Bulut Tabanl\u0131 Abonelik \u00dccretlendirme ve Tekrarl\u0131 Tahsilat Altyap\u0131s\u0131 tam te\u015fekk\u00fcll\u00fc bir abonelik sistemi sunar. Sanal pos entegrasyonu sayesinde, ister iyzico&#039;dan ister payu&#039;dan tekrarl\u0131 tahsilat ger\u00e7ekle\u015ftirebilirsiniz.\" \/>\n<meta property=\"og:url\" content=\"https:\/\/www.subscreasy.com\/blog\/cancellation-and-return-policy\/\" \/>\n<meta property=\"og:site_name\" content=\"Subscreasy\" \/>\n<meta name=\"twitter:card\" content=\"summary_large_image\" \/>\n<meta name=\"twitter:site\" content=\"@subscreasy\" \/>\n<script type=\"application\/ld+json\" class=\"yoast-schema-graph\">{\"@context\":\"https:\\\/\\\/schema.org\",\"@graph\":[{\"@type\":\"WebPage\",\"@id\":\"https:\\\/\\\/www.subscreasy.com\\\/blog\\\/cancellation-and-return-policy\\\/\",\"url\":\"https:\\\/\\\/www.subscreasy.com\\\/blog\\\/cancellation-and-return-policy\\\/\",\"name\":\"Cancellation and Return Policy | Subscreasy\",\"isPartOf\":{\"@id\":\"https:\\\/\\\/www.subscreasy.com\\\/blog\\\/#website\"},\"datePublished\":\"2018-04-03T09:46:32+00:00\",\"description\":\"subscreasy - Bulut Tabanl\u0131 Abonelik \u00dccretlendirme ve Tekrarl\u0131 Tahsilat Altyap\u0131s\u0131 tam te\u015fekk\u00fcll\u00fc bir abonelik sistemi sunar. Sanal pos entegrasyonu sayesinde, ister iyzico'dan ister payu'dan tekrarl\u0131 tahsilat ger\u00e7ekle\u015ftirebilirsiniz.\",\"breadcrumb\":{\"@id\":\"https:\\\/\\\/www.subscreasy.com\\\/blog\\\/cancellation-and-return-policy\\\/#breadcrumb\"},\"inLanguage\":\"en-US\",\"potentialAction\":[{\"@type\":\"ReadAction\",\"target\":[\"https:\\\/\\\/www.subscreasy.com\\\/blog\\\/cancellation-and-return-policy\\\/\"]}]},{\"@type\":\"BreadcrumbList\",\"@id\":\"https:\\\/\\\/www.subscreasy.com\\\/blog\\\/cancellation-and-return-policy\\\/#breadcrumb\",\"itemListElement\":[{\"@type\":\"ListItem\",\"position\":1,\"name\":\"Home\",\"item\":\"https:\\\/\\\/www.subscreasy.com\\\/\"},{\"@type\":\"ListItem\",\"position\":2,\"name\":\"Cancellation and Return Policy\"}]},{\"@type\":\"WebSite\",\"@id\":\"https:\\\/\\\/www.subscreasy.com\\\/blog\\\/#website\",\"url\":\"https:\\\/\\\/www.subscreasy.com\\\/blog\\\/\",\"name\":\"Subscreasy\",\"description\":\"24 saatte abonelik \u00fccretlendirme altyap\u0131s\u0131\",\"publisher\":{\"@id\":\"https:\\\/\\\/www.subscreasy.com\\\/blog\\\/#organization\"},\"potentialAction\":[{\"@type\":\"SearchAction\",\"target\":{\"@type\":\"EntryPoint\",\"urlTemplate\":\"https:\\\/\\\/www.subscreasy.com\\\/blog\\\/?s={search_term_string}\"},\"query-input\":{\"@type\":\"PropertyValueSpecification\",\"valueRequired\":true,\"valueName\":\"search_term_string\"}}],\"inLanguage\":\"en-US\"},{\"@type\":\"Organization\",\"@id\":\"https:\\\/\\\/www.subscreasy.com\\\/blog\\\/#organization\",\"name\":\"subscrEASY\",\"url\":\"https:\\\/\\\/www.subscreasy.com\\\/blog\\\/\",\"logo\":{\"@type\":\"ImageObject\",\"inLanguage\":\"en-US\",\"@id\":\"https:\\\/\\\/www.subscreasy.com\\\/blog\\\/#\\\/schema\\\/logo\\\/image\\\/\",\"url\":\"https:\\\/\\\/www.subscreasy.com\\\/wp-content\\\/uploads\\\/2018\\\/05\\\/logo-2.ai-4.png\",\"contentUrl\":\"https:\\\/\\\/www.subscreasy.com\\\/wp-content\\\/uploads\\\/2018\\\/05\\\/logo-2.ai-4.png\",\"width\":480,\"height\":480,\"caption\":\"subscrEASY\"},\"image\":{\"@id\":\"https:\\\/\\\/www.subscreasy.com\\\/blog\\\/#\\\/schema\\\/logo\\\/image\\\/\"},\"sameAs\":[\"https:\\\/\\\/x.com\\\/subscreasy\",\"https:\\\/\\\/www.instagram.com\\\/subscreasycom\\\/\",\"https:\\\/\\\/www.linkedin.com\\\/company\\\/subscreasy\\\/\",\"https:\\\/\\\/www.youtube.com\\\/channel\\\/UCRQtsnOKsny4jo_-AEs-fdQ\"]}]}<\/script>\n<!-- \/ Yoast SEO plugin. -->","yoast_head_json":{"title":"Cancellation and Return Policy | Subscreasy","description":"subscreasy - Bulut Tabanl\u0131 Abonelik \u00dccretlendirme ve Tekrarl\u0131 Tahsilat Altyap\u0131s\u0131 tam te\u015fekk\u00fcll\u00fc bir abonelik sistemi sunar. Sanal pos entegrasyonu sayesinde, ister iyzico'dan ister payu'dan tekrarl\u0131 tahsilat ger\u00e7ekle\u015ftirebilirsiniz.","robots":{"index":"index","follow":"follow","max-snippet":"max-snippet:-1","max-image-preview":"max-image-preview:large","max-video-preview":"max-video-preview:-1"},"canonical":"https:\/\/www.subscreasy.com\/blog\/cancellation-and-return-policy\/","og_locale":"en_US","og_type":"article","og_title":"Cancellation and Return Policy | Subscreasy","og_description":"subscreasy - Bulut Tabanl\u0131 Abonelik \u00dccretlendirme ve Tekrarl\u0131 Tahsilat Altyap\u0131s\u0131 tam te\u015fekk\u00fcll\u00fc bir abonelik sistemi sunar. Sanal pos entegrasyonu sayesinde, ister iyzico'dan ister payu'dan tekrarl\u0131 tahsilat ger\u00e7ekle\u015ftirebilirsiniz.","og_url":"https:\/\/www.subscreasy.com\/blog\/cancellation-and-return-policy\/","og_site_name":"Subscreasy","twitter_card":"summary_large_image","twitter_site":"@subscreasy","schema":{"@context":"https:\/\/schema.org","@graph":[{"@type":"WebPage","@id":"https:\/\/www.subscreasy.com\/blog\/cancellation-and-return-policy\/","url":"https:\/\/www.subscreasy.com\/blog\/cancellation-and-return-policy\/","name":"Cancellation and Return Policy | Subscreasy","isPartOf":{"@id":"https:\/\/www.subscreasy.com\/blog\/#website"},"datePublished":"2018-04-03T09:46:32+00:00","description":"subscreasy - Bulut Tabanl\u0131 Abonelik \u00dccretlendirme ve Tekrarl\u0131 Tahsilat Altyap\u0131s\u0131 tam te\u015fekk\u00fcll\u00fc bir abonelik sistemi sunar. Sanal pos entegrasyonu sayesinde, ister iyzico'dan ister payu'dan tekrarl\u0131 tahsilat ger\u00e7ekle\u015ftirebilirsiniz.","breadcrumb":{"@id":"https:\/\/www.subscreasy.com\/blog\/cancellation-and-return-policy\/#breadcrumb"},"inLanguage":"en-US","potentialAction":[{"@type":"ReadAction","target":["https:\/\/www.subscreasy.com\/blog\/cancellation-and-return-policy\/"]}]},{"@type":"BreadcrumbList","@id":"https:\/\/www.subscreasy.com\/blog\/cancellation-and-return-policy\/#breadcrumb","itemListElement":[{"@type":"ListItem","position":1,"name":"Home","item":"https:\/\/www.subscreasy.com\/"},{"@type":"ListItem","position":2,"name":"Cancellation and Return Policy"}]},{"@type":"WebSite","@id":"https:\/\/www.subscreasy.com\/blog\/#website","url":"https:\/\/www.subscreasy.com\/blog\/","name":"Subscreasy","description":"24 saatte abonelik \u00fccretlendirme altyap\u0131s\u0131","publisher":{"@id":"https:\/\/www.subscreasy.com\/blog\/#organization"},"potentialAction":[{"@type":"SearchAction","target":{"@type":"EntryPoint","urlTemplate":"https:\/\/www.subscreasy.com\/blog\/?s={search_term_string}"},"query-input":{"@type":"PropertyValueSpecification","valueRequired":true,"valueName":"search_term_string"}}],"inLanguage":"en-US"},{"@type":"Organization","@id":"https:\/\/www.subscreasy.com\/blog\/#organization","name":"subscrEASY","url":"https:\/\/www.subscreasy.com\/blog\/","logo":{"@type":"ImageObject","inLanguage":"en-US","@id":"https:\/\/www.subscreasy.com\/blog\/#\/schema\/logo\/image\/","url":"https:\/\/www.subscreasy.com\/wp-content\/uploads\/2018\/05\/logo-2.ai-4.png","contentUrl":"https:\/\/www.subscreasy.com\/wp-content\/uploads\/2018\/05\/logo-2.ai-4.png","width":480,"height":480,"caption":"subscrEASY"},"image":{"@id":"https:\/\/www.subscreasy.com\/blog\/#\/schema\/logo\/image\/"},"sameAs":["https:\/\/x.com\/subscreasy","https:\/\/www.instagram.com\/subscreasycom\/","https:\/\/www.linkedin.com\/company\/subscreasy\/","https:\/\/www.youtube.com\/channel\/UCRQtsnOKsny4jo_-AEs-fdQ"]}]}},"_links":{"self":[{"href":"https:\/\/www.subscreasy.com\/blog\/wp-json\/wp\/v2\/pages\/16","targetHints":{"allow":["GET"]}}],"collection":[{"href":"https:\/\/www.subscreasy.com\/blog\/wp-json\/wp\/v2\/pages"}],"about":[{"href":"https:\/\/www.subscreasy.com\/blog\/wp-json\/wp\/v2\/types\/page"}],"author":[{"embeddable":true,"href":"https:\/\/www.subscreasy.com\/blog\/wp-json\/wp\/v2\/users\/1"}],"replies":[{"embeddable":true,"href":"https:\/\/www.subscreasy.com\/blog\/wp-json\/wp\/v2\/comments?post=16"}],"version-history":[{"count":2,"href":"https:\/\/www.subscreasy.com\/blog\/wp-json\/wp\/v2\/pages\/16\/revisions"}],"predecessor-version":[{"id":18,"href":"https:\/\/www.subscreasy.com\/blog\/wp-json\/wp\/v2\/pages\/16\/revisions\/18"}],"wp:attachment":[{"href":"https:\/\/www.subscreasy.com\/blog\/wp-json\/wp\/v2\/media?parent=16"}],"curies":[{"name":"wp","href":"https:\/\/api.w.org\/{rel}","templated":true}]}}